{"id":545,"date":"2022-09-25T22:46:36","date_gmt":"2022-09-25T19:46:36","guid":{"rendered":"https:\/\/bb.tepish.net\/22\/?page_id=545"},"modified":"2022-09-30T14:35:24","modified_gmt":"2022-09-30T11:35:24","slug":"viikko-4","status":"publish","type":"page","link":"https:\/\/bb.tepish.net\/22\/index.php\/viikko-4\/","title":{"rendered":"VIIKKO 4"},"content":{"rendered":"\t\t<div data-elementor-type=\"wp-page\" data-elementor-id=\"545\" class=\"elementor elementor-545\">\n\t\t\t\t\t\t\t\t\t<section class=\"elementor-section elementor-top-section elementor-element elementor-element-ccf50b2 elementor-section-boxed elementor-section-height-default elementor-section-height-default\" data-id=\"ccf50b2\" data-element_type=\"section\">\n\t\t\t\t\t\t<div class=\"elementor-container elementor-column-gap-default\">\n\t\t\t\t\t<div class=\"elementor-column elementor-col-100 elementor-top-column elementor-element elementor-element-24bf2ad\" data-id=\"24bf2ad\" data-element_type=\"column\">\n\t\t\t<div class=\"elementor-widget-wrap elementor-element-populated\">\n\t\t\t\t\t\t\t\t<div class=\"elementor-element elementor-element-4ca8f58 elementor-widget-divider--view-line elementor-widget elementor-widget-divider\" data-id=\"4ca8f58\" data-element_type=\"widget\" data-widget_type=\"divider.default\">\n\t\t\t\t<div class=\"elementor-widget-container\">\n\t\t\t<style>\/*! elementor - v3.8.1 - 13-11-2022 *\/\n.elementor-widget-divider{--divider-border-style:none;--divider-border-width:1px;--divider-color:#2c2c2c;--divider-icon-size:20px;--divider-element-spacing:10px;--divider-pattern-height:24px;--divider-pattern-size:20px;--divider-pattern-url:none;--divider-pattern-repeat:repeat-x}.elementor-widget-divider .elementor-divider{display:-webkit-box;display:-ms-flexbox;display:flex}.elementor-widget-divider .elementor-divider__text{font-size:15px;line-height:1;max-width:95%}.elementor-widget-divider .elementor-divider__element{margin:0 var(--divider-element-spacing);-ms-flex-negative:0;flex-shrink:0}.elementor-widget-divider .elementor-icon{font-size:var(--divider-icon-size)}.elementor-widget-divider .elementor-divider-separator{display:-webkit-box;display:-ms-flexbox;display:flex;margin:0;direction:ltr}.elementor-widget-divider--view-line_icon .elementor-divider-separator,.elementor-widget-divider--view-line_text .elementor-divider-separator{-webkit-box-align:center;-ms-flex-align:center;align-items:center}.elementor-widget-divider--view-line_icon .elementor-divider-separator:after,.elementor-widget-divider--view-line_icon .elementor-divider-separator:before,.elementor-widget-divider--view-line_text .elementor-divider-separator:after,.elementor-widget-divider--view-line_text .elementor-divider-separator:before{display:block;content:\"\";border-bottom:0;-webkit-box-flex:1;-ms-flex-positive:1;flex-grow:1;border-top:var(--divider-border-width) var(--divider-border-style) var(--divider-color)}.elementor-widget-divider--element-align-left .elementor-divider .elementor-divider-separator>.elementor-divider__svg:first-of-type{-webkit-box-flex:0;-ms-flex-positive:0;flex-grow:0;-ms-flex-negative:100;flex-shrink:100}.elementor-widget-divider--element-align-left .elementor-divider-separator:before{content:none}.elementor-widget-divider--element-align-left .elementor-divider__element{margin-left:0}.elementor-widget-divider--element-align-right .elementor-divider .elementor-divider-separator>.elementor-divider__svg:last-of-type{-webkit-box-flex:0;-ms-flex-positive:0;flex-grow:0;-ms-flex-negative:100;flex-shrink:100}.elementor-widget-divider--element-align-right .elementor-divider-separator:after{content:none}.elementor-widget-divider--element-align-right .elementor-divider__element{margin-right:0}.elementor-widget-divider:not(.elementor-widget-divider--view-line_text):not(.elementor-widget-divider--view-line_icon) .elementor-divider-separator{border-top:var(--divider-border-width) var(--divider-border-style) var(--divider-color)}.elementor-widget-divider--separator-type-pattern{--divider-border-style:none}.elementor-widget-divider--separator-type-pattern.elementor-widget-divider--view-line .elementor-divider-separator,.elementor-widget-divider--separator-type-pattern:not(.elementor-widget-divider--view-line) .elementor-divider-separator:after,.elementor-widget-divider--separator-type-pattern:not(.elementor-widget-divider--view-line) .elementor-divider-separator:before,.elementor-widget-divider--separator-type-pattern:not([class*=elementor-widget-divider--view]) .elementor-divider-separator{width:100%;min-height:var(--divider-pattern-height);-webkit-mask-size:var(--divider-pattern-size) 100%;mask-size:var(--divider-pattern-size) 100%;-webkit-mask-repeat:var(--divider-pattern-repeat);mask-repeat:var(--divider-pattern-repeat);background-color:var(--divider-color);-webkit-mask-image:var(--divider-pattern-url);mask-image:var(--divider-pattern-url)}.elementor-widget-divider--no-spacing{--divider-pattern-size:auto}.elementor-widget-divider--bg-round{--divider-pattern-repeat:round}.rtl .elementor-widget-divider .elementor-divider__text{direction:rtl}.e-con-inner>.elementor-widget-divider,.e-con>.elementor-widget-divider{width:var(--container-widget-width,100%)}<\/style>\t\t<div class=\"elementor-divider\">\n\t\t\t<span class=\"elementor-divider-separator\">\n\t\t\t\t\t\t<\/span>\n\t\t<\/div>\n\t\t\t\t<\/div>\n\t\t\t\t<\/div>\n\t\t\t\t<section class=\"elementor-section elementor-inner-section elementor-element elementor-element-761ba27 elementor-section-boxed elementor-section-height-default elementor-section-height-default\" data-id=\"761ba27\" data-element_type=\"section\">\n\t\t\t\t\t\t<div class=\"elementor-container elementor-column-gap-default\">\n\t\t\t\t\t<div class=\"elementor-column elementor-col-100 elementor-inner-column elementor-element elementor-element-448cb69\" data-id=\"448cb69\" data-element_type=\"column\">\n\t\t\t<div class=\"elementor-widget-wrap elementor-element-populated\">\n\t\t\t\t\t\t\t\t<div class=\"elementor-element elementor-element-77b261b elementor-widget elementor-widget-heading\" data-id=\"77b261b\" data-element_type=\"widget\" data-widget_type=\"heading.default\">\n\t\t\t\t<div class=\"elementor-widget-container\">\n\t\t\t<style>\/*! elementor - v3.8.1 - 13-11-2022 *\/\n.elementor-heading-title{padding:0;margin:0;line-height:1}.elementor-widget-heading .elementor-heading-title[class*=elementor-size-]>a{color:inherit;font-size:inherit;line-height:inherit}.elementor-widget-heading .elementor-heading-title.elementor-size-small{font-size:15px}.elementor-widget-heading .elementor-heading-title.elementor-size-medium{font-size:19px}.elementor-widget-heading .elementor-heading-title.elementor-size-large{font-size:29px}.elementor-widget-heading .elementor-heading-title.elementor-size-xl{font-size:39px}.elementor-widget-heading .elementor-heading-title.elementor-size-xxl{font-size:59px}<\/style><h2 class=\"elementor-heading-title elementor-size-default\">TAPAHTUMAT<\/h2>\t\t<\/div>\n\t\t\t\t<\/div>\n\t\t\t\t<div class=\"elementor-element elementor-element-085557c elementor-widget elementor-widget-timeline-widget-addon\" data-id=\"085557c\" data-element_type=\"widget\" data-widget_type=\"timeline-widget-addon.default\">\n\t\t\t\t<div class=\"elementor-widget-container\">\n\t\t\t<!-- ========= Timeline Widget Addon For Elementor 1.4 ========= -->\r\n<div id=\"twae-wrapper-085557c\" class=\"twae-vertical twae-wrapper  twae-both-sided \">   \r\n    <div class=\"twae-start\"><\/div>    \r\n    <div id=\"twea-timeline-085557c\" class=\"twae-timeline\" ><div id=\"story-3f65902\" class=\"twae-story twae-repeater-item twae-story-right twae-story-icon\">\r\n                <div class=\"twae-labels\" ><div class=\"twae-label-big\">21.9.2022<\/div><div class=\"twae-label-small\">VIIKKO 4<\/div><\/div><div class=\"twae-icon\"><i aria-hidden=\"true\" class=\"fas fa-calendar-day\"><\/i><\/div><div class=\"twae-arrow\"><\/div><div class=\"twae-content\"><div class=\"twae-title\">P\u00e4\u00e4likk\u00f6 vaihe alkaa<\/div><div class=\"twae-media  large\"><img width=\"640\" height=\"360\" src=\"https:\/\/bb.tepish.net\/22\/wp-content\/uploads\/2022\/03\/big_brother_suomi_kausi_5_logo-1024x576.jpg\" class=\"attachment-large size-large\" alt=\"\" loading=\"lazy\" srcset=\"https:\/\/bb.tepish.net\/22\/wp-content\/uploads\/2022\/03\/big_brother_suomi_kausi_5_logo-1024x576.jpg 1024w, https:\/\/bb.tepish.net\/22\/wp-content\/uploads\/2022\/03\/big_brother_suomi_kausi_5_logo-300x169.jpg 300w, https:\/\/bb.tepish.net\/22\/wp-content\/uploads\/2022\/03\/big_brother_suomi_kausi_5_logo-768x432.jpg 768w, https:\/\/bb.tepish.net\/22\/wp-content\/uploads\/2022\/03\/big_brother_suomi_kausi_5_logo-1536x864.jpg 1536w, https:\/\/bb.tepish.net\/22\/wp-content\/uploads\/2022\/03\/big_brother_suomi_kausi_5_logo-2048x1152.jpg 2048w\" sizes=\"(max-width: 640px) 100vw, 640px\" \/><\/div><div class=\"twae-description\"><p>P\u00e4\u00e4likk\u00f6kilpailut maanantaisin ovat ratkaiseva osa peli\u00e4 t\u00e4st\u00e4 l\u00e4htien. Kuka voittaa, ketk\u00e4 saavat luksusta. Viikko 4 p\u00e4\u00e4likk\u00f6vaalit.<\/p><\/div>\r\n                <\/div>\r\n        <\/div><div id=\"story-b4574b0\" class=\"twae-story twae-repeater-item twae-story-left twae-story-icon\">\r\n                <div class=\"twae-labels\" ><div class=\"twae-label-big\">Maanantai<\/div><div class=\"twae-label-small\">TAPAHTUMAA<\/div><\/div><div class=\"twae-icon\"><i aria-hidden=\"true\" class=\"far fa-calendar-check\"><\/i><\/div><div class=\"twae-arrow\"><\/div><div class=\"twae-content\"><div class=\"twae-title\">UUSI VIIKKO BB TALOSSA<\/div><div class=\"twae-description\"><p>Karsinta vaihe on takana 15 asukasta kisaa p\u00e4\u00e4likk\u00f6 vaiheessa BB-talon isoveljen peli\u00e4, joka on t\u00e4ynn\u00e4 k\u00e4\u00e4nteit\u00e4.<\/p><p>Nyt n\u00e4hd\u00e4\u00e4n ensimm\u00e4inen p\u00e4\u00e4likk\u00f6, eli vaalivoittaja. Varsinaiset \u00e4\u00e4net meniv\u00e4t tasan 4 Miikka 4 Laura. K\u00e4siyl\u00f6s \u00e4\u00e4nestyksess\u00e4 Laura vie p\u00e4\u00e4likkyyden.<\/p><\/div>\r\n                <\/div>\r\n        <\/div><div id=\"story-ef14959\" class=\"twae-story twae-repeater-item twae-story-right twae-story-icon\">\r\n                <div class=\"twae-labels\" ><div class=\"twae-label-big\">Ma-Ke<\/div><div class=\"twae-label-small\">TAPAHTUMAA<\/div><\/div><div class=\"twae-icon\"><i aria-hidden=\"true\" class=\"far fa-calendar-check\"><\/i><\/div><div class=\"twae-arrow\"><\/div><div class=\"twae-content\"><div class=\"twae-title\">H\u00e4kki heilahtaa<\/div><div class=\"twae-description\"><p>Kauppateht\u00e4v\u00e4ss\u00e4 h\u00e4kki ilmestyy pihalle lahjapaketissa. p\u00e4\u00e4likk\u00f6 valitsee ketk\u00e4 eiv\u00e4t k\u00f6mmi h\u00e4kkiin.<\/p><p>H\u00e4kkiin p\u00e4\u00e4tyv\u00e4t asukkaat ovat 40 euron arvoisia, luovuttaessaan siis menetet\u00e4\u00e4n tuo summa ja loppuun saakka olemisesta saa kauppabudjettiin saman summan.<\/p><p>Kolme asukasta poistuu ennen loppua ja lis\u00e4kkeen\u00e4 olevia matemaattisia yhteenlaskuja ratkotaan yksi ja siit\u00e4 saa 100 \u20ac lis\u00e4\u00e4.<\/p><p>P\u00e4\u00e4lik\u00f6ll\u00e4 on lis\u00e4ksi oma 50 \u20ac budjetti. Kauppateht\u00e4v\u00e4 p\u00e4\u00e4ttyy keskiviikkona p\u00e4iv\u00e4ll\u00e4.<\/p><\/div>\r\n                <\/div>\r\n        <\/div><div id=\"story-cc9f7b8\" class=\"twae-story twae-repeater-item twae-story-left twae-story-icon\">\r\n                <div class=\"twae-labels\" ><div class=\"twae-label-big\">Torstai<\/div><div class=\"twae-label-small\">TAPAHTUMAA<\/div><\/div><div class=\"twae-icon\"><i aria-hidden=\"true\" class=\"far fa-calendar-check\"><\/i><\/div><div class=\"twae-arrow\"><\/div><div class=\"twae-content\"><div class=\"twae-title\">Nime\u00e4miset<\/div><div class=\"twae-description\"><p>Nime\u00e4miset alkavat torstaina aamup\u00e4iv\u00e4ll\u00e4 ja kest\u00e4\u00e4 useamman hetken.<\/p><p>Nime\u00e4misist\u00e4 p\u00e4\u00e4sty\u00e4 asukkaat saavat viel\u00e4 teht\u00e4v\u00e4n, jonka voitolla voi vaikuttaa nime\u00e4mis tulokseen.<\/p><\/div>\r\n                <\/div>\r\n        <\/div><div id=\"story-585d364\" class=\"twae-story twae-repeater-item twae-story-right twae-story-icon\">\r\n                <div class=\"twae-labels\" ><div class=\"twae-label-big\">Perjantai<\/div><div class=\"twae-label-small\">TAPAHTUMAA<\/div><\/div><div class=\"twae-icon\"><i aria-hidden=\"true\" class=\"far fa-calendar-check\"><\/i><\/div><div class=\"twae-arrow\"><\/div><div class=\"twae-content\"><div class=\"twae-title\">Jepulista<\/div><div class=\"twae-description\"><p>Perjantain huippuhetkiin p\u00e4iv\u00e4ll\u00e4 on ruuoanlaiton, sy\u00f6misen ja meikkaamisen, sek\u00e4 erilaisen h\u00f6p\u00f6ttelyn lis\u00e4ksi se pieni tovi sohvalla jolloin asukkaat saivat tiet\u00e4\u00e4 kuka valvoo kaikkien unia.<\/p><p>Asukkaat tosin luulivat puhtitunti musiikkia merkiksi l\u00e4hte\u00e4 ulos jumppaamaan, jolloin isoveli joutui pys\u00e4ytt\u00e4m\u00e4\u00e4n ulos rynt\u00e4\u00e4v\u00e4n porukan. Lopulta asukkaille selvisi, ett\u00e4 puhti tulee nyt unien valvomisesta, jota valvoo Aleksi isoveljen m\u00e4\u00e4ritt\u00e4m\u00e4n ajan.<\/p><p>\u00a0<\/p><\/div>\r\n                <\/div>\r\n        <\/div><\/div>\r\n    <div class=\"twae-end\"><\/div>\r\n    <\/div><style type=\"text\/css\"><\/style>\t\t<\/div>\n\t\t\t\t<\/div>\n\t\t\t\t\t<\/div>\n\t\t<\/div>\n\t\t\t\t\t\t\t<\/div>\n\t\t<\/section>\n\t\t\t\t<div class=\"elementor-element elementor-element-2bd012d elementor-widget elementor-widget-heading\" data-id=\"2bd012d\" data-element_type=\"widget\" data-widget_type=\"heading.default\">\n\t\t\t\t<div class=\"elementor-widget-container\">\n\t\t\t<h2 class=\"elementor-heading-title elementor-size-default\">TEHT\u00c4V\u00c4T<\/h2>\t\t<\/div>\n\t\t\t\t<\/div>\n\t\t\t\t<div class=\"elementor-element elementor-element-c7e0260 elementor-widget elementor-widget-text-editor\" data-id=\"c7e0260\" data-element_type=\"widget\" data-widget_type=\"text-editor.default\">\n\t\t\t\t<div class=\"elementor-widget-container\">\n\t\t\t<style>\/*! elementor - v3.8.1 - 13-11-2022 *\/\n.elementor-widget-text-editor.elementor-drop-cap-view-stacked .elementor-drop-cap{background-color:#818a91;color:#fff}.elementor-widget-text-editor.elementor-drop-cap-view-framed .elementor-drop-cap{color:#818a91;border:3px solid;background-color:transparent}.elementor-widget-text-editor:not(.elementor-drop-cap-view-default) .elementor-drop-cap{margin-top:8px}.elementor-widget-text-editor:not(.elementor-drop-cap-view-default) .elementor-drop-cap-letter{width:1em;height:1em}.elementor-widget-text-editor .elementor-drop-cap{float:left;text-align:center;line-height:1;font-size:50px}.elementor-widget-text-editor .elementor-drop-cap-letter{display:inline-block}<\/style>\t\t\t\t<p><strong>Teht\u00e4vill\u00e4 on oma aikajanansa, joka viikko.<\/strong><\/p>\t\t\t\t\t\t<\/div>\n\t\t\t\t<\/div>\n\t\t\t\t<div class=\"elementor-element elementor-element-cb74bf2 elementor-widget elementor-widget-timeline-widget-addon\" data-id=\"cb74bf2\" data-element_type=\"widget\" data-widget_type=\"timeline-widget-addon.default\">\n\t\t\t\t<div class=\"elementor-widget-container\">\n\t\t\t<!-- ========= Timeline Widget  Addon For Elementor 1.4 ========= -->\r\n<div id=\"twae-wrapper-cb74bf2\" class=\"twae-wrapper twae-horizontal-timeline\">\r\n<div class=\"twae-wrapper-inside\">\r\n <div id=\"twae-slider-container-cb74bf2\" data-dir=\"\" data-slidestoshow=\"2\" data-autoplay=\"false\" class=\"twae-slider-container swiper-container\">\r\n <div  class=\"twae-slider-wrapper swiper-wrapper no-height\"><div  id=\"twae-article-ab4f334\" class=\"twae-repeater-item twae-story swiper-slide twae-story-icon twae-position-40-50\"><div class=\"twae-story-line\"><\/div><div class=\"twae-labels\">\r\n                       <div class=\"twae-label-big\">VIIKKO 4<\/div><div class=\"twae-label-small\">P\u00e4\u00e4likk\u00f6vaalit<\/div>\r\n                     <\/div><div class=\"twae-arrow\"><\/div><div class=\"twae-icon\"><i aria-hidden=\"true\" class=\"fas fa-eye\"><\/i><\/div><div class=\"twae-content\"><div class=\"twae-media medium\"><img width=\"300\" height=\"169\" src=\"https:\/\/bb.tepish.net\/22\/wp-content\/uploads\/2022\/03\/big_brother_suomi_kausi_5_logo-300x169.jpg\" class=\"attachment-medium size-medium\" alt=\"\" loading=\"lazy\" srcset=\"https:\/\/bb.tepish.net\/22\/wp-content\/uploads\/2022\/03\/big_brother_suomi_kausi_5_logo-300x169.jpg 300w, https:\/\/bb.tepish.net\/22\/wp-content\/uploads\/2022\/03\/big_brother_suomi_kausi_5_logo-1024x576.jpg 1024w, https:\/\/bb.tepish.net\/22\/wp-content\/uploads\/2022\/03\/big_brother_suomi_kausi_5_logo-768x432.jpg 768w, https:\/\/bb.tepish.net\/22\/wp-content\/uploads\/2022\/03\/big_brother_suomi_kausi_5_logo-1536x864.jpg 1536w, https:\/\/bb.tepish.net\/22\/wp-content\/uploads\/2022\/03\/big_brother_suomi_kausi_5_logo-2048x1152.jpg 2048w\" sizes=\"(max-width: 300px) 100vw, 300px\" \/><\/div><div class=\"twae-title\">Teht\u00e4v\u00e4n kuvaus<\/div>\r\n                    <div class=\"twae-description\"><p>Vaaleissa suljettu \u00e4\u00e4nestys p\u00e4\u00e4ttyy tasapeliin Miikan ja Lauran kanssa.<\/p><p>Laura voittaa k\u00e4siyl\u00f6s \u00e4\u00e4nestyksen.<\/p><\/div>                        \r\n                <\/div>\r\n        <\/div><div  id=\"twae-article-c822562\" class=\"twae-repeater-item twae-story swiper-slide twae-story-icon twae-position-40-50\"><div class=\"twae-story-line\"><\/div><div class=\"twae-labels\">\r\n                       <div class=\"twae-label-big\">VIIKKO 4<\/div><div class=\"twae-label-small\">Kauppa teht\u00e4v\u00e4<\/div>\r\n                     <\/div><div class=\"twae-arrow\"><\/div><div class=\"twae-icon\"><i aria-hidden=\"true\" class=\"fas fa-eye\"><\/i><\/div><div class=\"twae-content\"><div class=\"twae-media medium\"><img width=\"300\" height=\"169\" src=\"https:\/\/bb.tepish.net\/22\/wp-content\/uploads\/2022\/03\/big_brother_suomi_kausi_5_logo-300x169.jpg\" class=\"attachment-medium size-medium\" alt=\"\" loading=\"lazy\" srcset=\"https:\/\/bb.tepish.net\/22\/wp-content\/uploads\/2022\/03\/big_brother_suomi_kausi_5_logo-300x169.jpg 300w, https:\/\/bb.tepish.net\/22\/wp-content\/uploads\/2022\/03\/big_brother_suomi_kausi_5_logo-1024x576.jpg 1024w, https:\/\/bb.tepish.net\/22\/wp-content\/uploads\/2022\/03\/big_brother_suomi_kausi_5_logo-768x432.jpg 768w, https:\/\/bb.tepish.net\/22\/wp-content\/uploads\/2022\/03\/big_brother_suomi_kausi_5_logo-1536x864.jpg 1536w, https:\/\/bb.tepish.net\/22\/wp-content\/uploads\/2022\/03\/big_brother_suomi_kausi_5_logo-2048x1152.jpg 2048w\" sizes=\"(max-width: 300px) 100vw, 300px\" \/><\/div><div class=\"twae-title\">Teht\u00e4v\u00e4n kuvaus<\/div>\r\n                    <div class=\"twae-description\"><p>Yksinkertaista. Kymmenen asukasta suljetaan ulos h\u00e4kkiin. H\u00e4kist\u00e4 saa vapaasti poistua, mutta se maksaa 40 \u20ac kauppabudjetista. Lis\u00e4ksi pit\u00e4\u00e4 tehd\u00e4 matemaattista yhteenlaskua matosta ja palloista.<\/p><p>Kun 7 asukasta pysyy loppuun saakka h\u00e4kiss\u00e4 ja nukkuu kaksi y\u00f6t\u00e4 ulkosalla v\u00e4h\u00e4ll\u00e4 virikkeell\u00e4 sek\u00e4 yksi laskuteht\u00e4v\u00e4 onnistuu ja on 100 \u20ac arvoinen on kauppaan varoja per\u00e4ti 380 \u20ac, lis\u00e4ksi p\u00e4\u00e4likk\u00f6 saa k\u00e4ytett\u00e4v\u00e4ksi 50 \u20ac omiin ostoksiinsa.<\/p><\/div>                        \r\n                <\/div>\r\n        <\/div><div  id=\"twae-article-d738633\" class=\"twae-repeater-item twae-story swiper-slide twae-story-icon twae-position-40-50\"><div class=\"twae-story-line\"><\/div><div class=\"twae-labels\">\r\n                       <div class=\"twae-label-big\">VIIKKO 4<\/div><div class=\"twae-label-small\">Nime\u00e4miskilpailu<\/div>\r\n                     <\/div><div class=\"twae-arrow\"><\/div><div class=\"twae-icon\"><i aria-hidden=\"true\" class=\"fas fa-eye\"><\/i><\/div><div class=\"twae-content\"><div class=\"twae-media medium\"><img width=\"300\" height=\"169\" src=\"https:\/\/bb.tepish.net\/22\/wp-content\/uploads\/2022\/03\/big_brother_suomi_kausi_5_logo-300x169.jpg\" class=\"attachment-medium size-medium\" alt=\"\" loading=\"lazy\" srcset=\"https:\/\/bb.tepish.net\/22\/wp-content\/uploads\/2022\/03\/big_brother_suomi_kausi_5_logo-300x169.jpg 300w, https:\/\/bb.tepish.net\/22\/wp-content\/uploads\/2022\/03\/big_brother_suomi_kausi_5_logo-1024x576.jpg 1024w, https:\/\/bb.tepish.net\/22\/wp-content\/uploads\/2022\/03\/big_brother_suomi_kausi_5_logo-768x432.jpg 768w, https:\/\/bb.tepish.net\/22\/wp-content\/uploads\/2022\/03\/big_brother_suomi_kausi_5_logo-1536x864.jpg 1536w, https:\/\/bb.tepish.net\/22\/wp-content\/uploads\/2022\/03\/big_brother_suomi_kausi_5_logo-2048x1152.jpg 2048w\" sizes=\"(max-width: 300px) 100vw, 300px\" \/><\/div><div class=\"twae-title\">Teht\u00e4v\u00e4n kuvaus<\/div>\r\n                    <div class=\"twae-description\"><p>Nime\u00e4miskisan voitto ratkaistaan tiimeiss\u00e4. Sininen, Vihre\u00e4 ja punainen joukkue kisaavat voitosta pallon py\u00f6ritt\u00e4misess\u00e4 labyrintiss\u00e4.<\/p><p>Lopulta nopeiten pallo py\u00f6rii maali kuoppaan sinisell\u00e4 joukkueella ja p\u00e4\u00e4likk\u00f6 valitsee voittajista kolme tekem\u00e4\u00e4n muutoksensa nime\u00e4misiin.<\/p><p>Karvan, Miikka ja Mia saavat l\u00e4hte\u00e4 neuvotteluhuoneen uumeniin tekem\u00e4\u00e4n ratkaisujaan.<\/p><\/div>                        \r\n                <\/div>\r\n        <\/div><\/div><\/div><\/div> <!-- Add Arrows -->\r\n            <div class=\"twae-button-prev\"><i class=\"fas fa-chevron-left\"><\/i><\/div>\r\n            <div class=\"twae-button-next\"><i class=\"fas fa-chevron-right\"><\/i><\/div>\r\n            <div class=\"twae-h-line\"><\/div>\r\n            <div class=\"twae-line-fill\"><\/div>\r\n<\/div><style type=\"text\/css\"><\/style>\t\t<\/div>\n\t\t\t\t<\/div>\n\t\t\t\t\t<\/div>\n\t\t<\/div>\n\t\t\t\t\t\t\t<\/div>\n\t\t<\/section>\n\t\t\t\t\t\t\t<\/div>\n\t\t","protected":false},"excerpt":{"rendered":"<p>TAPAHTUMAT 21.9.2022VIIKKO 4P\u00e4\u00e4likk\u00f6 vaihe alkaa P\u00e4\u00e4likk\u00f6kilpailut maanantaisin ovat ratkaiseva osa peli\u00e4 t\u00e4st\u00e4 l\u00e4htien. Kuka voittaa, ketk\u00e4 saavat luksusta. Viikko 4 p\u00e4\u00e4likk\u00f6vaalit. MaanantaiTAPAHTUMAAUUSI VIIKKO BB TALOSSA Karsinta vaihe on takana 15 asukasta kisaa p\u00e4\u00e4likk\u00f6 vaiheessa BB-talon isoveljen peli\u00e4, joka on t\u00e4ynn\u00e4 k\u00e4\u00e4nteit\u00e4. Nyt n\u00e4hd\u00e4\u00e4n ensimm\u00e4inen p\u00e4\u00e4likk\u00f6, eli vaalivoittaja. Varsinaiset \u00e4\u00e4net meniv\u00e4t tasan 4 Miikka 4 Laura. K\u00e4siyl\u00f6s \u00e4\u00e4nestyksess\u00e4 Laura vie p\u00e4\u00e4likkyyden. [&hellip;]<\/p>\n","protected":false},"author":1,"featured_media":0,"parent":0,"menu_order":0,"comment_status":"closed","ping_status":"closed","template":"","meta":[],"_links":{"self":[{"href":"https:\/\/bb.tepish.net\/22\/index.php\/wp-json\/wp\/v2\/pages\/545"}],"collection":[{"href":"https:\/\/bb.tepish.net\/22\/index.php\/wp-json\/wp\/v2\/pages"}],"about":[{"href":"https:\/\/bb.tepish.net\/22\/index.php\/wp-json\/wp\/v2\/types\/page"}],"author":[{"embeddable":true,"href":"https:\/\/bb.tepish.net\/22\/index.php\/wp-json\/wp\/v2\/users\/1"}],"replies":[{"embeddable":true,"href":"https:\/\/bb.tepish.net\/22\/index.php\/wp-json\/wp\/v2\/comments?post=545"}],"version-history":[{"count":19,"href":"https:\/\/bb.tepish.net\/22\/index.php\/wp-json\/wp\/v2\/pages\/545\/revisions"}],"predecessor-version":[{"id":588,"href":"https:\/\/bb.tepish.net\/22\/index.php\/wp-json\/wp\/v2\/pages\/545\/revisions\/588"}],"wp:attachment":[{"href":"https:\/\/bb.tepish.net\/22\/index.php\/wp-json\/wp\/v2\/media?parent=545"}],"curies":[{"name":"wp","href":"https:\/\/api.w.org\/{rel}","templated":true}]}}