{"id":842,"date":"2022-11-06T22:38:35","date_gmt":"2022-11-06T20:38:35","guid":{"rendered":"https:\/\/bb.tepish.net\/22\/?page_id=842"},"modified":"2022-11-06T22:49:39","modified_gmt":"2022-11-06T20:49:39","slug":"viikko-9","status":"publish","type":"page","link":"https:\/\/bb.tepish.net\/22\/index.php\/viikko-9\/","title":{"rendered":"VIIKKO 9"},"content":{"rendered":"\t\t<div data-elementor-type=\"wp-page\" data-elementor-id=\"842\" class=\"elementor elementor-842\">\n\t\t\t\t\t\t\t\t\t<section class=\"elementor-section elementor-top-section elementor-element elementor-element-ccf50b2 elementor-section-boxed elementor-section-height-default elementor-section-height-default\" data-id=\"ccf50b2\" data-element_type=\"section\">\n\t\t\t\t\t\t<div class=\"elementor-container elementor-column-gap-default\">\n\t\t\t\t\t<div class=\"elementor-column elementor-col-100 elementor-top-column elementor-element elementor-element-24bf2ad\" data-id=\"24bf2ad\" data-element_type=\"column\">\n\t\t\t<div class=\"elementor-widget-wrap elementor-element-populated\">\n\t\t\t\t\t\t\t\t<div class=\"elementor-element elementor-element-4ca8f58 elementor-widget-divider--view-line elementor-widget elementor-widget-divider\" data-id=\"4ca8f58\" data-element_type=\"widget\" data-widget_type=\"divider.default\">\n\t\t\t\t<div class=\"elementor-widget-container\">\n\t\t\t<style>\/*! elementor - v3.8.1 - 13-11-2022 *\/\n.elementor-widget-divider{--divider-border-style:none;--divider-border-width:1px;--divider-color:#2c2c2c;--divider-icon-size:20px;--divider-element-spacing:10px;--divider-pattern-height:24px;--divider-pattern-size:20px;--divider-pattern-url:none;--divider-pattern-repeat:repeat-x}.elementor-widget-divider .elementor-divider{display:-webkit-box;display:-ms-flexbox;display:flex}.elementor-widget-divider .elementor-divider__text{font-size:15px;line-height:1;max-width:95%}.elementor-widget-divider .elementor-divider__element{margin:0 var(--divider-element-spacing);-ms-flex-negative:0;flex-shrink:0}.elementor-widget-divider .elementor-icon{font-size:var(--divider-icon-size)}.elementor-widget-divider .elementor-divider-separator{display:-webkit-box;display:-ms-flexbox;display:flex;margin:0;direction:ltr}.elementor-widget-divider--view-line_icon .elementor-divider-separator,.elementor-widget-divider--view-line_text .elementor-divider-separator{-webkit-box-align:center;-ms-flex-align:center;align-items:center}.elementor-widget-divider--view-line_icon .elementor-divider-separator:after,.elementor-widget-divider--view-line_icon .elementor-divider-separator:before,.elementor-widget-divider--view-line_text .elementor-divider-separator:after,.elementor-widget-divider--view-line_text .elementor-divider-separator:before{display:block;content:\"\";border-bottom:0;-webkit-box-flex:1;-ms-flex-positive:1;flex-grow:1;border-top:var(--divider-border-width) var(--divider-border-style) var(--divider-color)}.elementor-widget-divider--element-align-left .elementor-divider .elementor-divider-separator>.elementor-divider__svg:first-of-type{-webkit-box-flex:0;-ms-flex-positive:0;flex-grow:0;-ms-flex-negative:100;flex-shrink:100}.elementor-widget-divider--element-align-left .elementor-divider-separator:before{content:none}.elementor-widget-divider--element-align-left .elementor-divider__element{margin-left:0}.elementor-widget-divider--element-align-right .elementor-divider .elementor-divider-separator>.elementor-divider__svg:last-of-type{-webkit-box-flex:0;-ms-flex-positive:0;flex-grow:0;-ms-flex-negative:100;flex-shrink:100}.elementor-widget-divider--element-align-right .elementor-divider-separator:after{content:none}.elementor-widget-divider--element-align-right .elementor-divider__element{margin-right:0}.elementor-widget-divider:not(.elementor-widget-divider--view-line_text):not(.elementor-widget-divider--view-line_icon) .elementor-divider-separator{border-top:var(--divider-border-width) var(--divider-border-style) var(--divider-color)}.elementor-widget-divider--separator-type-pattern{--divider-border-style:none}.elementor-widget-divider--separator-type-pattern.elementor-widget-divider--view-line .elementor-divider-separator,.elementor-widget-divider--separator-type-pattern:not(.elementor-widget-divider--view-line) .elementor-divider-separator:after,.elementor-widget-divider--separator-type-pattern:not(.elementor-widget-divider--view-line) .elementor-divider-separator:before,.elementor-widget-divider--separator-type-pattern:not([class*=elementor-widget-divider--view]) .elementor-divider-separator{width:100%;min-height:var(--divider-pattern-height);-webkit-mask-size:var(--divider-pattern-size) 100%;mask-size:var(--divider-pattern-size) 100%;-webkit-mask-repeat:var(--divider-pattern-repeat);mask-repeat:var(--divider-pattern-repeat);background-color:var(--divider-color);-webkit-mask-image:var(--divider-pattern-url);mask-image:var(--divider-pattern-url)}.elementor-widget-divider--no-spacing{--divider-pattern-size:auto}.elementor-widget-divider--bg-round{--divider-pattern-repeat:round}.rtl .elementor-widget-divider .elementor-divider__text{direction:rtl}.e-con-inner>.elementor-widget-divider,.e-con>.elementor-widget-divider{width:var(--container-widget-width,100%)}<\/style>\t\t<div class=\"elementor-divider\">\n\t\t\t<span class=\"elementor-divider-separator\">\n\t\t\t\t\t\t<\/span>\n\t\t<\/div>\n\t\t\t\t<\/div>\n\t\t\t\t<\/div>\n\t\t\t\t<section class=\"elementor-section elementor-inner-section elementor-element elementor-element-761ba27 elementor-section-boxed elementor-section-height-default elementor-section-height-default\" data-id=\"761ba27\" data-element_type=\"section\">\n\t\t\t\t\t\t<div class=\"elementor-container elementor-column-gap-default\">\n\t\t\t\t\t<div class=\"elementor-column elementor-col-100 elementor-inner-column elementor-element elementor-element-448cb69\" data-id=\"448cb69\" data-element_type=\"column\">\n\t\t\t<div class=\"elementor-widget-wrap elementor-element-populated\">\n\t\t\t\t\t\t\t\t<div class=\"elementor-element elementor-element-77b261b elementor-widget elementor-widget-heading\" data-id=\"77b261b\" data-element_type=\"widget\" data-widget_type=\"heading.default\">\n\t\t\t\t<div class=\"elementor-widget-container\">\n\t\t\t<style>\/*! elementor - v3.8.1 - 13-11-2022 *\/\n.elementor-heading-title{padding:0;margin:0;line-height:1}.elementor-widget-heading .elementor-heading-title[class*=elementor-size-]>a{color:inherit;font-size:inherit;line-height:inherit}.elementor-widget-heading .elementor-heading-title.elementor-size-small{font-size:15px}.elementor-widget-heading .elementor-heading-title.elementor-size-medium{font-size:19px}.elementor-widget-heading .elementor-heading-title.elementor-size-large{font-size:29px}.elementor-widget-heading .elementor-heading-title.elementor-size-xl{font-size:39px}.elementor-widget-heading .elementor-heading-title.elementor-size-xxl{font-size:59px}<\/style><h2 class=\"elementor-heading-title elementor-size-default\">TAPAHTUMAT<\/h2>\t\t<\/div>\n\t\t\t\t<\/div>\n\t\t\t\t<div class=\"elementor-element elementor-element-085557c elementor-widget elementor-widget-timeline-widget-addon\" data-id=\"085557c\" data-element_type=\"widget\" data-widget_type=\"timeline-widget-addon.default\">\n\t\t\t\t<div class=\"elementor-widget-container\">\n\t\t\t<!-- ========= Timeline Widget Addon For Elementor 1.4 ========= -->\r\n<div id=\"twae-wrapper-085557c\" class=\"twae-vertical twae-wrapper  twae-both-sided \">   \r\n    <div class=\"twae-start\"><\/div>    \r\n    <div id=\"twea-timeline-085557c\" class=\"twae-timeline\" ><div id=\"story-3f65902\" class=\"twae-story twae-repeater-item twae-story-right twae-story-icon\">\r\n                <div class=\"twae-labels\" ><div class=\"twae-label-big\">24.10.2022<\/div><div class=\"twae-label-small\">VIIKKO 9<\/div><\/div><div class=\"twae-icon\"><i aria-hidden=\"true\" class=\"fas fa-calendar-day\"><\/i><\/div><div class=\"twae-arrow\"><\/div><div class=\"twae-content\"><div class=\"twae-title\">KAHTIAJAKO ALKAA<\/div><div class=\"twae-media  large\"><img width=\"640\" height=\"360\" src=\"https:\/\/bb.tepish.net\/22\/wp-content\/uploads\/2022\/03\/big_brother_suomi_kausi_5_logo-1024x576.jpg\" class=\"attachment-large size-large\" alt=\"\" loading=\"lazy\" srcset=\"https:\/\/bb.tepish.net\/22\/wp-content\/uploads\/2022\/03\/big_brother_suomi_kausi_5_logo-1024x576.jpg 1024w, https:\/\/bb.tepish.net\/22\/wp-content\/uploads\/2022\/03\/big_brother_suomi_kausi_5_logo-300x169.jpg 300w, https:\/\/bb.tepish.net\/22\/wp-content\/uploads\/2022\/03\/big_brother_suomi_kausi_5_logo-768x432.jpg 768w, https:\/\/bb.tepish.net\/22\/wp-content\/uploads\/2022\/03\/big_brother_suomi_kausi_5_logo-1536x864.jpg 1536w, https:\/\/bb.tepish.net\/22\/wp-content\/uploads\/2022\/03\/big_brother_suomi_kausi_5_logo-2048x1152.jpg 2048w\" sizes=\"(max-width: 640px) 100vw, 640px\" \/><\/div><div class=\"twae-description\"><p>Koko talo jakautuu kahteen osaan: Ylh\u00e4iset ja alhaiset.<\/p><\/div>\r\n                <\/div>\r\n        <\/div><\/div>\r\n    <div class=\"twae-end\"><\/div>\r\n    <\/div><style type=\"text\/css\"><\/style>\t\t<\/div>\n\t\t\t\t<\/div>\n\t\t\t\t\t<\/div>\n\t\t<\/div>\n\t\t\t\t\t\t\t<\/div>\n\t\t<\/section>\n\t\t\t\t<div class=\"elementor-element elementor-element-2bd012d elementor-widget elementor-widget-heading\" data-id=\"2bd012d\" data-element_type=\"widget\" data-widget_type=\"heading.default\">\n\t\t\t\t<div class=\"elementor-widget-container\">\n\t\t\t<h2 class=\"elementor-heading-title elementor-size-default\">TEHT\u00c4V\u00c4T<\/h2>\t\t<\/div>\n\t\t\t\t<\/div>\n\t\t\t\t<div class=\"elementor-element elementor-element-c7e0260 elementor-widget elementor-widget-text-editor\" data-id=\"c7e0260\" data-element_type=\"widget\" data-widget_type=\"text-editor.default\">\n\t\t\t\t<div class=\"elementor-widget-container\">\n\t\t\t<style>\/*! elementor - v3.8.1 - 13-11-2022 *\/\n.elementor-widget-text-editor.elementor-drop-cap-view-stacked .elementor-drop-cap{background-color:#818a91;color:#fff}.elementor-widget-text-editor.elementor-drop-cap-view-framed .elementor-drop-cap{color:#818a91;border:3px solid;background-color:transparent}.elementor-widget-text-editor:not(.elementor-drop-cap-view-default) .elementor-drop-cap{margin-top:8px}.elementor-widget-text-editor:not(.elementor-drop-cap-view-default) .elementor-drop-cap-letter{width:1em;height:1em}.elementor-widget-text-editor .elementor-drop-cap{float:left;text-align:center;line-height:1;font-size:50px}.elementor-widget-text-editor .elementor-drop-cap-letter{display:inline-block}<\/style>\t\t\t\t<p><strong>Teht\u00e4vill\u00e4 on oma aikajanansa, joka viikko.<\/strong><\/p>\t\t\t\t\t\t<\/div>\n\t\t\t\t<\/div>\n\t\t\t\t<div class=\"elementor-element elementor-element-cb74bf2 elementor-widget elementor-widget-timeline-widget-addon\" data-id=\"cb74bf2\" data-element_type=\"widget\" data-widget_type=\"timeline-widget-addon.default\">\n\t\t\t\t<div class=\"elementor-widget-container\">\n\t\t\t<!-- ========= Timeline Widget  Addon For Elementor 1.4 ========= -->\r\n<div id=\"twae-wrapper-cb74bf2\" class=\"twae-wrapper twae-horizontal-timeline\">\r\n<div class=\"twae-wrapper-inside\">\r\n <div id=\"twae-slider-container-cb74bf2\" data-dir=\"\" data-slidestoshow=\"2\" data-autoplay=\"false\" class=\"twae-slider-container swiper-container\">\r\n <div  class=\"twae-slider-wrapper swiper-wrapper no-height\"><div  id=\"twae-article-ab4f334\" class=\"twae-repeater-item twae-story swiper-slide twae-story-icon twae-position-40-50\"><div class=\"twae-story-line\"><\/div><div class=\"twae-labels\">\r\n                       <div class=\"twae-label-big\">VIIKKO 9<\/div><div class=\"twae-label-small\">Viikon nime\u00e4miskilpailu<\/div>\r\n                     <\/div><div class=\"twae-arrow\"><\/div><div class=\"twae-icon\"><i aria-hidden=\"true\" class=\"fas fa-eye\"><\/i><\/div><div class=\"twae-content\"><div class=\"twae-media medium\"><img width=\"300\" height=\"169\" src=\"https:\/\/bb.tepish.net\/22\/wp-content\/uploads\/2022\/03\/big_brother_suomi_kausi_5_logo-300x169.jpg\" class=\"attachment-medium size-medium\" alt=\"\" loading=\"lazy\" srcset=\"https:\/\/bb.tepish.net\/22\/wp-content\/uploads\/2022\/03\/big_brother_suomi_kausi_5_logo-300x169.jpg 300w, https:\/\/bb.tepish.net\/22\/wp-content\/uploads\/2022\/03\/big_brother_suomi_kausi_5_logo-1024x576.jpg 1024w, https:\/\/bb.tepish.net\/22\/wp-content\/uploads\/2022\/03\/big_brother_suomi_kausi_5_logo-768x432.jpg 768w, https:\/\/bb.tepish.net\/22\/wp-content\/uploads\/2022\/03\/big_brother_suomi_kausi_5_logo-1536x864.jpg 1536w, https:\/\/bb.tepish.net\/22\/wp-content\/uploads\/2022\/03\/big_brother_suomi_kausi_5_logo-2048x1152.jpg 2048w\" sizes=\"(max-width: 300px) 100vw, 300px\" \/><\/div><div class=\"twae-title\">Teht\u00e4v\u00e4n kuvaus<\/div>\r\n                    <div class=\"twae-description\"><p>Nime\u00e4miskisassa alkuviikko meni pulmien parissa.<\/p><p>Pienill\u00e4 pulmilla vapautettiin viisi kuution palaa ja isona pulmana, joka ratkaisi kisan koottiin pulmakuutio, jonka saivat kokoon ylh\u00e4iset asukkaat.<\/p><\/div>                        \r\n                <\/div>\r\n        <\/div><div  id=\"twae-article-393e907\" class=\"twae-repeater-item twae-story swiper-slide twae-story-icon twae-position-40-50\"><div class=\"twae-story-line\"><\/div><div class=\"twae-labels\">\r\n                       <div class=\"twae-label-big\">VIIKKO 9<\/div><div class=\"twae-label-small\">P\u00e4iv\u00e4teht\u00e4v\u00e4<\/div>\r\n                     <\/div><div class=\"twae-arrow\"><\/div><div class=\"twae-icon\"><i aria-hidden=\"true\" class=\"fas fa-eye\"><\/i><\/div><div class=\"twae-content\"><div class=\"twae-media medium\"><img width=\"300\" height=\"169\" src=\"https:\/\/bb.tepish.net\/22\/wp-content\/uploads\/2022\/03\/big_brother_suomi_kausi_5_logo-300x169.jpg\" class=\"attachment-medium size-medium\" alt=\"\" loading=\"lazy\" srcset=\"https:\/\/bb.tepish.net\/22\/wp-content\/uploads\/2022\/03\/big_brother_suomi_kausi_5_logo-300x169.jpg 300w, https:\/\/bb.tepish.net\/22\/wp-content\/uploads\/2022\/03\/big_brother_suomi_kausi_5_logo-1024x576.jpg 1024w, https:\/\/bb.tepish.net\/22\/wp-content\/uploads\/2022\/03\/big_brother_suomi_kausi_5_logo-768x432.jpg 768w, https:\/\/bb.tepish.net\/22\/wp-content\/uploads\/2022\/03\/big_brother_suomi_kausi_5_logo-1536x864.jpg 1536w, https:\/\/bb.tepish.net\/22\/wp-content\/uploads\/2022\/03\/big_brother_suomi_kausi_5_logo-2048x1152.jpg 2048w\" sizes=\"(max-width: 300px) 100vw, 300px\" \/><\/div><div class=\"twae-title\">Teht\u00e4v\u00e4n kuvaus<\/div>\r\n                    <div class=\"twae-description\"><p>P\u00e4iv\u00e4teht\u00e4v\u00e4: Standup show. Asukkaiden pit\u00e4\u00e4 tehd\u00e4 stand up esitykset, joiden paremmuuden ratkaisee katsojat.<\/p><\/div>                        \r\n                <\/div>\r\n        <\/div><\/div><\/div><\/div> <!-- Add Arrows -->\r\n            <div class=\"twae-button-prev\"><i class=\"fas fa-chevron-left\"><\/i><\/div>\r\n            <div class=\"twae-button-next\"><i class=\"fas fa-chevron-right\"><\/i><\/div>\r\n            <div class=\"twae-h-line\"><\/div>\r\n            <div class=\"twae-line-fill\"><\/div>\r\n<\/div><style type=\"text\/css\"><\/style>\t\t<\/div>\n\t\t\t\t<\/div>\n\t\t\t\t\t<\/div>\n\t\t<\/div>\n\t\t\t\t\t\t\t<\/div>\n\t\t<\/section>\n\t\t\t\t\t\t\t<\/div>\n\t\t","protected":false},"excerpt":{"rendered":"<p>TAPAHTUMAT 24.10.2022VIIKKO 9KAHTIAJAKO ALKAA Koko talo jakautuu kahteen osaan: Ylh\u00e4iset ja alhaiset. TEHT\u00c4V\u00c4T Teht\u00e4vill\u00e4 on oma aikajanansa, joka viikko. VIIKKO 9Viikon nime\u00e4miskilpailu Teht\u00e4v\u00e4n kuvaus Nime\u00e4miskisassa alkuviikko meni pulmien parissa. Pienill\u00e4 pulmilla vapautettiin viisi kuution palaa ja isona pulmana, joka ratkaisi kisan koottiin pulmakuutio, jonka saivat kokoon ylh\u00e4iset asukkaat. VIIKKO 9P\u00e4iv\u00e4teht\u00e4v\u00e4 Teht\u00e4v\u00e4n kuvaus P\u00e4iv\u00e4teht\u00e4v\u00e4: Standup show. Asukkaiden pit\u00e4\u00e4 tehd\u00e4 stand up [&hellip;]<\/p>\n","protected":false},"author":1,"featured_media":0,"parent":0,"menu_order":0,"comment_status":"closed","ping_status":"closed","template":"","meta":[],"_links":{"self":[{"href":"https:\/\/bb.tepish.net\/22\/index.php\/wp-json\/wp\/v2\/pages\/842"}],"collection":[{"href":"https:\/\/bb.tepish.net\/22\/index.php\/wp-json\/wp\/v2\/pages"}],"about":[{"href":"https:\/\/bb.tepish.net\/22\/index.php\/wp-json\/wp\/v2\/types\/page"}],"author":[{"embeddable":true,"href":"https:\/\/bb.tepish.net\/22\/index.php\/wp-json\/wp\/v2\/users\/1"}],"replies":[{"embeddable":true,"href":"https:\/\/bb.tepish.net\/22\/index.php\/wp-json\/wp\/v2\/comments?post=842"}],"version-history":[{"count":4,"href":"https:\/\/bb.tepish.net\/22\/index.php\/wp-json\/wp\/v2\/pages\/842\/revisions"}],"predecessor-version":[{"id":849,"href":"https:\/\/bb.tepish.net\/22\/index.php\/wp-json\/wp\/v2\/pages\/842\/revisions\/849"}],"wp:attachment":[{"href":"https:\/\/bb.tepish.net\/22\/index.php\/wp-json\/wp\/v2\/media?parent=842"}],"curies":[{"name":"wp","href":"https:\/\/api.w.org\/{rel}","templated":true}]}}