{"id":86,"date":"2022-07-22T20:32:14","date_gmt":"2022-07-22T17:32:14","guid":{"rendered":"https:\/\/bb.tepish.net\/22\/?page_id=86"},"modified":"2022-07-22T20:32:14","modified_gmt":"2022-07-22T17:32:14","slug":"viikko-ei-ole-viela","status":"publish","type":"page","link":"https:\/\/bb.tepish.net\/22\/index.php\/viikko-ei-ole-viela\/","title":{"rendered":"VIIKKO EI OLE VIEL\u00c4"},"content":{"rendered":"\n<p>Olet valinnut viikon, joka ei ole viel\u00e4 alkanut!<\/p>\n\n\n\n<p>Palaa yritt\u00e4m\u00e4\u00e4n uudelleen, kun viikko on alkanut!<\/p>\n","protected":false},"excerpt":{"rendered":"<p>Olet valinnut viikon, joka ei ole viel\u00e4 alkanut! Palaa yritt\u00e4m\u00e4\u00e4n uudelleen, kun viikko on alkanut!<\/p>\n","protected":false},"author":1,"featured_media":0,"parent":0,"menu_order":0,"comment_status":"closed","ping_status":"closed","template":"","meta":[],"_links":{"self":[{"href":"https:\/\/bb.tepish.net\/22\/index.php\/wp-json\/wp\/v2\/pages\/86"}],"collection":[{"href":"https:\/\/bb.tepish.net\/22\/index.php\/wp-json\/wp\/v2\/pages"}],"about":[{"href":"https:\/\/bb.tepish.net\/22\/index.php\/wp-json\/wp\/v2\/types\/page"}],"author":[{"embeddable":true,"href":"https:\/\/bb.tepish.net\/22\/index.php\/wp-json\/wp\/v2\/users\/1"}],"replies":[{"embeddable":true,"href":"https:\/\/bb.tepish.net\/22\/index.php\/wp-json\/wp\/v2\/comments?post=86"}],"version-history":[{"count":1,"href":"https:\/\/bb.tepish.net\/22\/index.php\/wp-json\/wp\/v2\/pages\/86\/revisions"}],"predecessor-version":[{"id":87,"href":"https:\/\/bb.tepish.net\/22\/index.php\/wp-json\/wp\/v2\/pages\/86\/revisions\/87"}],"wp:attachment":[{"href":"https:\/\/bb.tepish.net\/22\/index.php\/wp-json\/wp\/v2\/media?parent=86"}],"curies":[{"name":"wp","href":"https:\/\/api.w.org\/{rel}","templated":true}]}}